{"id":156,"date":"2020-02-13T02:23:47","date_gmt":"2020-02-13T00:23:47","guid":{"rendered":"http:\/\/taurlin.org\/?page_id=156"},"modified":"2025-05-28T19:13:09","modified_gmt":"2025-05-28T16:13:09","slug":"teaching-materials","status":"publish","type":"page","link":"https:\/\/taurlin.org\/?page_id=156","title":{"rendered":"Teaching: courses taught and material for them"},"content":{"rendered":"\n<p>Please do not hesitate to contact me at firstname.lastname@taurlin.org, if you have questions about the materials below, or for example, if you would like me to teach a course. <\/p>\n\n\n\n<p>This is not a complete list &#8212; I started teaching at University level in 1999. If you are interested in the whole history, send me an email and I&#8217;ll send you my CV.<\/p>\n\n\n\n<h4 class=\"has-medium-font-size wp-block-heading\">Most recent<\/h4>\n\n\n\n<p><strong>04\/2023: Soveltavan ja kliinisen fonetiikan kurssi.<\/strong> Ultra\u00e4\u00e4nikuvantaminen puheentutkimuksessa, Helsingin yliopisto. Ajantasaiset kalvot <a href=\"https:\/\/github.com\/giuthas-teaching\/HY_soveltava_fonettiikka\">githubissa<\/a>.<\/p>\n\n\n\n<p>This and the similar iterations below are two recurring guest lectures on ultrasound in speech research for a course of applied and clinical phonetics at University of Helsinki.<\/p>\n\n\n\n<h4 class=\"has-medium-font-size wp-block-heading\">Past<\/h4>\n\n\n\n<p><strong>08-12\/2022: S201 Speech Anatomy &amp; Physiology<\/strong>. Lectured the course at Indiana University, Bloomington. Materials were on Canvas.<\/p>\n\n\n\n<p><strong>04\/2022: Soveltavan ja kliinisen fonetiikan kurssi.<\/strong> Ultra\u00e4\u00e4nikuvantaminen puheentutkimuksessa, Helsingin yliopisto.<\/p>\n\n\n\n<p><strong>04\/2021: Soveltavan ja kliinisen fonetiikan kurssi.<\/strong> Ultra\u00e4\u00e4nikuvantaminen puheentutkimuksessa, Helsingin yliopisto:<\/p>\n\n\n\n<ul class=\"wp-block-list\">\n<li>1. Luento: Puheartikulaation mittaaminen ultra\u00e4\u00e4nell\u00e4, <a href=\"https:\/\/taurlin.org\/wordpress\/wp-content\/uploads\/2021\/04\/HY_2021_luento1.pdf\">kalvot [pdf]<\/a>.<\/li>\n\n\n\n<li>2. Luento: Ultra\u00e4\u00e4nikuvauksella tallennetun puhemateriaalin analyysi, <a href=\"https:\/\/taurlin.org\/wordpress\/wp-content\/uploads\/2021\/04\/HY_2021_luento2.pdf\">kalvot [pdf]<\/a>. <\/li>\n\n\n\n<li>Kommentteja ja kysymyksi\u00e4 voi l\u00e4hett\u00e4\u00e4 minulle (etunimi.sukunimi@taurlin.org) jo ennen luentoa.<\/li>\n<\/ul>\n\n\n\n<p><strong>11\/2020: First course in Sociophonetics.<\/strong> Two lectures on data acquisition and analysis, University of Helsinki:<\/p>\n\n\n\n<ul class=\"wp-block-list\">\n<li>First lecture: Data Acquisition for Sociophonetics, <a href=\"https:\/\/taurlin.org\/wordpress\/wp-content\/uploads\/2020\/12\/HY_sociophonetics_2020_lecture1.pdf\">slides [pdf]<\/a>.<\/li>\n\n\n\n<li>Second lecture: Ultrasound Imaging in Speech Research, <a href=\"https:\/\/taurlin.org\/wordpress\/wp-content\/uploads\/2020\/12\/HY_sociophonetics_2020_lecture2.pdf\">slides [pdf]<\/a>.<\/li>\n<\/ul>\n\n\n\n<p><strong>04\/2020: Soveltavan ja kliinisen fonetiikan kurssi.<\/strong> Ultra\u00e4\u00e4nikuvantaminen puheentutkimuksessa, Helsingin yliopisto:<\/p>\n\n\n\n<ul class=\"wp-block-list\">\n<li>1. Luento: Puheartikulaation mittaaminen ultra\u00e4\u00e4nell\u00e4, <a href=\"https:\/\/taurlin.org\/wordpress\/wp-content\/uploads\/2020\/04\/HY_2020_luento1.pdf\">kalvot [pdf]<\/a>.<\/li>\n\n\n\n<li>2. Luento: Ultra\u00e4\u00e4nikuvauksella tallennetun puhemateriaalin analyysi, <a href=\"https:\/\/taurlin.org\/wordpress\/wp-content\/uploads\/2020\/04\/HY_2020_luento2-1.pdf\">kalvot [pdf]<\/a>. Kommentteja ja kysymyksi\u00e4 voi l\u00e4hett\u00e4\u00e4 minulle (etunimi.sukunimi@taurlin.org) jo ennen luentoa.<\/li>\n<\/ul>\n\n\n\n<p><strong>02\/2020: Ultrasound in speech research.<\/strong> University of Helsinki:<\/p>\n\n\n\n<ul class=\"wp-block-list\">\n<li><a href=\"https:\/\/taurlin.org\/wordpress\/wp-content\/uploads\/2020\/02\/HY_02_2020_lecture.pdf\">slides [pdf]<\/a> for the lecture.<\/li>\n<\/ul>\n","protected":false},"excerpt":{"rendered":"<p>Please do not hesitate to contact me at firstname.lastname@taurlin.org, if you have questions about the materials below, or for example, if you would like me to teach a course. This is not a complete list &#8212; I started teaching at<\/p>\n","protected":false},"author":1,"featured_media":0,"parent":35,"menu_order":5,"comment_status":"closed","ping_status":"closed","template":"","meta":{"footnotes":""},"class_list":["post-156","page","type-page","status-publish","hentry"],"_links":{"self":[{"href":"https:\/\/taurlin.org\/index.php?rest_route=\/wp\/v2\/pages\/156","targetHints":{"allow":["GET"]}}],"collection":[{"href":"https:\/\/taurlin.org\/index.php?rest_route=\/wp\/v2\/pages"}],"about":[{"href":"https:\/\/taurlin.org\/index.php?rest_route=\/wp\/v2\/types\/page"}],"author":[{"embeddable":true,"href":"https:\/\/taurlin.org\/index.php?rest_route=\/wp\/v2\/users\/1"}],"replies":[{"embeddable":true,"href":"https:\/\/taurlin.org\/index.php?rest_route=%2Fwp%2Fv2%2Fcomments&post=156"}],"version-history":[{"count":24,"href":"https:\/\/taurlin.org\/index.php?rest_route=\/wp\/v2\/pages\/156\/revisions"}],"predecessor-version":[{"id":307,"href":"https:\/\/taurlin.org\/index.php?rest_route=\/wp\/v2\/pages\/156\/revisions\/307"}],"up":[{"embeddable":true,"href":"https:\/\/taurlin.org\/index.php?rest_route=\/wp\/v2\/pages\/35"}],"wp:attachment":[{"href":"https:\/\/taurlin.org\/index.php?rest_route=%2Fwp%2Fv2%2Fmedia&parent=156"}],"curies":[{"name":"wp","href":"https:\/\/api.w.org\/{rel}","templated":true}]}}