{"id":12,"date":"2014-11-30T16:55:49","date_gmt":"2014-11-30T14:55:49","guid":{"rendered":"http:\/\/taurlin.org\/?page_id=12"},"modified":"2025-05-28T19:18:31","modified_gmt":"2025-05-28T16:18:31","slug":"contact","status":"publish","type":"page","link":"https:\/\/taurlin.org\/?page_id=12","title":{"rendered":"Contact and links"},"content":{"rendered":"<p><a href=\"https:\/\/taurlin.org\/wordpress\/wp-content\/uploads\/2014\/11\/20150307_dunnottar-e1442948603440.jpg\"><img loading=\"lazy\" decoding=\"async\" class=\"alignnone size-full wp-image-30\" src=\"https:\/\/taurlin.org\/wordpress\/wp-content\/uploads\/2014\/11\/20150307_dunnottar-e1442948603440.jpg\" alt=\"20150307_dunnottar\" width=\"320\" height=\"240\" \/><\/a><\/p>\n<h3><strong>Contact information<\/strong><\/h3>\n<p>Email: firstname.lastname@taurlin.org.<!--Personal: firstname@taurlin.net. Professional: firstname.lastname@taurlin.net.--><br \/>\n<em>Please note, that I also have various other addresses (including things ending in cc.hut.fi, hut.fi, aalto.fi, helsinki.fi,\u00a0 qmu.ac.uk, and iu.edu), which you shouldn&#8217;t use as they might\/will stop functioning in the future, if they have not already done so. <\/em><\/p>\n<p>Phone: ask me.<\/p>\n<h3><strong>Professional links<\/strong><\/h3>\n<p>Since 2024 I have been a post-doc at <a href=\"https:\/\/www.ualberta.ca\/en\/communications-sciences-and-disorders\/index.html\">Communication Sciences and Disorders<\/a> at University of Alberta, Edmonton.<\/p>\n<p>In 2021-2024 I was a post-doc at the <a href=\"https:\/\/sphs.indiana.edu\/research\/department-labs\/speech-production-laboratory\/index.html\">Speech production lab<\/a> at Indiana University Bloomington.<\/p>\n<p>I did my PhD at <a href=\"http:\/\/www.qmu.ac.uk\/casl\/\">CASL<\/a> at Queen Margaret University in Edinburgh.<\/p>\n<p>I am an associate member of the <a href=\"http:\/\/speech.math.aalto.fi\/\">Speech modelling consortium<\/a> based at the Department of Mathematics and Systems Analysis, Aalto University.<\/p>\n<p>Me on <a href=\"https:\/\/www.researchgate.net\/profile\/Pertti_Palo\">Researchgate.<\/a><\/p>\n<p>Me on <a href=\"https:\/\/github.com\/giuthas\">GitHub<\/a>.<\/p>\n<p>I used to be on Academia.edu too, but that site became too much of a bother.<\/p>\n<h3><strong>Hobbies a.k.a Life<\/strong><\/h3>\n<p>The best Scout Group in the whole world: <a href=\"http:\/\/leppavaarankorvenkavijat.fi\/\">Lepp\u00e4vaaran Korvenk\u00e4vij\u00e4t ry<\/a>.<\/p>\n<p>Me wasting time on <a href=\"https:\/\/www.facebook.com\/pertti.palo\">Facebook<\/a>.<\/p>\n","protected":false},"excerpt":{"rendered":"<p>Contact information Email: firstname.lastname@taurlin.org. Please note, that I also have various other addresses (including things ending in cc.hut.fi, hut.fi, aalto.fi, helsinki.fi,\u00a0 qmu.ac.uk, and iu.edu), which you shouldn&#8217;t use as they might\/will stop functioning in the future, if they have not<\/p>\n","protected":false},"author":1,"featured_media":0,"parent":0,"menu_order":6,"comment_status":"closed","ping_status":"closed","template":"","meta":{"footnotes":""},"class_list":["post-12","page","type-page","status-publish","hentry"],"_links":{"self":[{"href":"https:\/\/taurlin.org\/index.php?rest_route=\/wp\/v2\/pages\/12","targetHints":{"allow":["GET"]}}],"collection":[{"href":"https:\/\/taurlin.org\/index.php?rest_route=\/wp\/v2\/pages"}],"about":[{"href":"https:\/\/taurlin.org\/index.php?rest_route=\/wp\/v2\/types\/page"}],"author":[{"embeddable":true,"href":"https:\/\/taurlin.org\/index.php?rest_route=\/wp\/v2\/users\/1"}],"replies":[{"embeddable":true,"href":"https:\/\/taurlin.org\/index.php?rest_route=%2Fwp%2Fv2%2Fcomments&post=12"}],"version-history":[{"count":14,"href":"https:\/\/taurlin.org\/index.php?rest_route=\/wp\/v2\/pages\/12\/revisions"}],"predecessor-version":[{"id":343,"href":"https:\/\/taurlin.org\/index.php?rest_route=\/wp\/v2\/pages\/12\/revisions\/343"}],"wp:attachment":[{"href":"https:\/\/taurlin.org\/index.php?rest_route=%2Fwp%2Fv2%2Fmedia&parent=12"}],"curies":[{"name":"wp","href":"https:\/\/api.w.org\/{rel}","templated":true}]}}